{"id":1321,"date":"2022-08-22T17:21:46","date_gmt":"2022-08-22T15:21:46","guid":{"rendered":"https:\/\/www.lawfirmsardinia.com\/?page_id=1321"},"modified":"2022-09-16T16:12:30","modified_gmt":"2022-09-16T14:12:30","slug":"chi-siamo-2","status":"publish","type":"page","link":"https:\/\/www.lawfirmsardinia.com\/it\/chi-siamo-2\/","title":{"rendered":"Avvocato Nicola Nieddu"},"content":{"rendered":"\n<figure class=\"wp-block-image alignright size-full is-resized\"><img loading=\"lazy\" decoding=\"async\" src=\"https:\/\/www.lawfirmsardinia.com\/wp-content\/uploads\/2022\/08\/About-Us_Nieddu.jpeg\" alt=\"\" class=\"wp-image-1322\" width=\"398\" height=\"597\" srcset=\"https:\/\/www.lawfirmsardinia.com\/wp-content\/uploads\/2022\/08\/About-Us_Nieddu.jpeg 640w, https:\/\/www.lawfirmsardinia.com\/wp-content\/uploads\/2022\/08\/About-Us_Nieddu-200x300.jpeg 200w, https:\/\/www.lawfirmsardinia.com\/wp-content\/uploads\/2022\/08\/About-Us_Nieddu-470x705.jpeg 470w\" sizes=\"auto, (max-width: 398px) 100vw, 398px\" \/><\/figure>\n\n\n\n<p>Lo Studio legale dell&#8217;Avv. Nicola Nieddu&nbsp;svolge attivit\u00e0 di assistenza e consulenza legale stragiudiziale e giudiziale a favore di aziende e privati sia italiani che stranieri.<\/p>\n\n\n\n<p><\/p>\n\n\n\n<p>Questo studio ha collaborato con successo con l\u2019ADUSBEF (principale Associazione nazionale a difesa dei consumatori ed utenti, bancari, finanziari ed assicurativi) nonch\u00e9 con Enti Pubblici e numerose Societ\u00e0 e pu\u00f2, pertanto, garantire assistenza legale di qualit\u00e0 a prezzi accessibili a tutti.<br><\/p>\n\n\n\n<p>L\u2019Avv. Nieddu si occupa personalmente di pratiche internazionali e di quasi tutti gli ambiti del diritto civile nonch\u00e9 contenziosi dinnanzi le commissioni Tributarie in materia di ICI, IMU, TASI e TARSU nonch\u00e8 di costituzione di societ\u00e0 negli Emirati Arabi ed Oman e stipulazione di contratti di agenzia per la vendita di prodotti nel territorio Omanita.&nbsp;<\/p>\n\n\n\n<p><\/p>\n\n\n\n<p>In materia di diritto penale, diritto di famiglia, diritto societario e fallimentare e diritto amministrativo, lo studio si avvale di collaboratori esterni altamente specializzati del settore:&nbsp;<strong>Avv. D. Mattana<\/strong>, specialista in diritto penale;&nbsp;<strong>Avv. Pintus<\/strong>&nbsp;specialista in diritto societario bancario, fallimentare, ricercatore presso l\u2019Universit\u00e0 degli Studi di Sassari;&nbsp;<strong>Avv. Lay<\/strong>, specialista in diritto del lavoro;&nbsp;<strong>Avv. B. Fiamma<\/strong>&nbsp;specialista in diritto di famiglia e membro dell&#8217;Associazione Nazionale Familiaristi Italiani;&nbsp;<strong>Avv. Gigliotti<\/strong>, specialista in infortunistica stradale<br><\/p>\n\n\n\n<p>L&#8217;Avv. Nicola Nieddu \u00e8 nato ad Alghero il 08.09.71, \u00e8 iscritto all\u2019albo degli avvocati di Sassari; ha anche conseguito titolo di Mediatore professionista.<\/p>\n\n\n","protected":false},"excerpt":{"rendered":"<p>Lo Studio legale dell&#8217;Avv. Nicola Nieddu&nbsp;svolge attivit\u00e0 di assistenza e consulenza legale stragiudiziale e giudiziale a favore di aziende e privati sia italiani che stranieri. Questo studio ha collaborato con successo con l\u2019ADUSBEF (principale Associazione nazionale a difesa dei consumatori ed utenti, bancari, finanziari ed assicurativi) nonch\u00e9 con Enti Pubblici e numerose Societ\u00e0 e pu\u00f2, [&hellip;]<\/p>\n","protected":false},"author":1,"featured_media":0,"parent":0,"menu_order":0,"comment_status":"closed","ping_status":"closed","template":"","meta":{"footnotes":""},"class_list":["post-1321","page","type-page","status-publish","hentry"],"yoast_head":"<!-- This site is optimized with the Yoast SEO plugin v27.5 - https:\/\/yoast.com\/product\/yoast-seo-wordpress\/ -->\n<title>Avvocato Nicola Nieddu Alghero | Avvocato Sassari | Sardegna<\/title>\n<meta name=\"description\" content=\"L\u2019Avvocato Nicola Nieddu si occupa personalmente di pratiche internazionali e di quasi tutti gli ambiti del diritto civile nonch\u00e9 contenziosi\" \/>\n<meta name=\"robots\" content=\"index, follow, max-snippet:-1, max-image-preview:large, max-video-preview:-1\" \/>\n<link rel=\"canonical\" href=\"https:\/\/www.lawfirmsardinia.com\/it\/chi-siamo-2\/\" \/>\n<meta property=\"og:locale\" content=\"it_IT\" \/>\n<meta property=\"og:type\" content=\"article\" \/>\n<meta property=\"og:title\" content=\"Avvocato Nicola Nieddu Alghero | Avvocato Sassari | Sardegna\" \/>\n<meta property=\"og:description\" content=\"L\u2019Avvocato Nicola Nieddu si occupa personalmente di pratiche internazionali e di quasi tutti gli ambiti del diritto civile nonch\u00e9 contenziosi\" \/>\n<meta property=\"og:url\" content=\"https:\/\/www.lawfirmsardinia.com\/it\/chi-siamo-2\/\" \/>\n<meta property=\"og:site_name\" content=\"Law Firm Sardinia\" \/>\n<meta property=\"article:modified_time\" content=\"2022-09-16T14:12:30+00:00\" \/>\n<meta property=\"og:image\" content=\"https:\/\/www.lawfirmsardinia.com\/wp-content\/uploads\/2022\/08\/About-Us_Nieddu.jpeg\" \/>\n<meta name=\"twitter:card\" content=\"summary_large_image\" \/>\n<meta name=\"twitter:label1\" content=\"Tempo di lettura stimato\" \/>\n\t<meta name=\"twitter:data1\" content=\"2 minuti\" \/>\n<script type=\"application\/ld+json\" class=\"yoast-schema-graph\">{\"@context\":\"https:\\\/\\\/schema.org\",\"@graph\":[{\"@type\":\"WebPage\",\"@id\":\"https:\\\/\\\/www.lawfirmsardinia.com\\\/it\\\/chi-siamo-2\\\/\",\"url\":\"https:\\\/\\\/www.lawfirmsardinia.com\\\/it\\\/chi-siamo-2\\\/\",\"name\":\"Avvocato Nicola Nieddu Alghero | Avvocato Sassari | Sardegna\",\"isPartOf\":{\"@id\":\"https:\\\/\\\/www.lawfirmsardinia.com\\\/#website\"},\"primaryImageOfPage\":{\"@id\":\"https:\\\/\\\/www.lawfirmsardinia.com\\\/it\\\/chi-siamo-2\\\/#primaryimage\"},\"image\":{\"@id\":\"https:\\\/\\\/www.lawfirmsardinia.com\\\/it\\\/chi-siamo-2\\\/#primaryimage\"},\"thumbnailUrl\":\"https:\\\/\\\/www.lawfirmsardinia.com\\\/wp-content\\\/uploads\\\/2022\\\/08\\\/About-Us_Nieddu.jpeg\",\"datePublished\":\"2022-08-22T15:21:46+00:00\",\"dateModified\":\"2022-09-16T14:12:30+00:00\",\"description\":\"L\u2019Avvocato Nicola Nieddu si occupa personalmente di pratiche internazionali e di quasi tutti gli ambiti del diritto civile nonch\u00e9 contenziosi\",\"breadcrumb\":{\"@id\":\"https:\\\/\\\/www.lawfirmsardinia.com\\\/it\\\/chi-siamo-2\\\/#breadcrumb\"},\"inLanguage\":\"it-IT\",\"potentialAction\":[{\"@type\":\"ReadAction\",\"target\":[\"https:\\\/\\\/www.lawfirmsardinia.com\\\/it\\\/chi-siamo-2\\\/\"]}]},{\"@type\":\"ImageObject\",\"inLanguage\":\"it-IT\",\"@id\":\"https:\\\/\\\/www.lawfirmsardinia.com\\\/it\\\/chi-siamo-2\\\/#primaryimage\",\"url\":\"https:\\\/\\\/www.lawfirmsardinia.com\\\/wp-content\\\/uploads\\\/2022\\\/08\\\/About-Us_Nieddu.jpeg\",\"contentUrl\":\"https:\\\/\\\/www.lawfirmsardinia.com\\\/wp-content\\\/uploads\\\/2022\\\/08\\\/About-Us_Nieddu.jpeg\"},{\"@type\":\"BreadcrumbList\",\"@id\":\"https:\\\/\\\/www.lawfirmsardinia.com\\\/it\\\/chi-siamo-2\\\/#breadcrumb\",\"itemListElement\":[{\"@type\":\"ListItem\",\"position\":1,\"name\":\"Home\",\"item\":\"https:\\\/\\\/www.lawfirmsardinia.com\\\/it\\\/home\\\/\"},{\"@type\":\"ListItem\",\"position\":2,\"name\":\"Avvocato Nicola Nieddu\"}]},{\"@type\":\"WebSite\",\"@id\":\"https:\\\/\\\/www.lawfirmsardinia.com\\\/#website\",\"url\":\"https:\\\/\\\/www.lawfirmsardinia.com\\\/\",\"name\":\"Law Firm Sardinia\",\"description\":\"Civil and Penal Law | Real estate\",\"potentialAction\":[{\"@type\":\"SearchAction\",\"target\":{\"@type\":\"EntryPoint\",\"urlTemplate\":\"https:\\\/\\\/www.lawfirmsardinia.com\\\/?s={search_term_string}\"},\"query-input\":{\"@type\":\"PropertyValueSpecification\",\"valueRequired\":true,\"valueName\":\"search_term_string\"}}],\"inLanguage\":\"it-IT\"}]}<\/script>\n<!-- \/ Yoast SEO plugin. -->","yoast_head_json":{"title":"Avvocato Nicola Nieddu Alghero | Avvocato Sassari | Sardegna","description":"L\u2019Avvocato Nicola Nieddu si occupa personalmente di pratiche internazionali e di quasi tutti gli ambiti del diritto civile nonch\u00e9 contenziosi","robots":{"index":"index","follow":"follow","max-snippet":"max-snippet:-1","max-image-preview":"max-image-preview:large","max-video-preview":"max-video-preview:-1"},"canonical":"https:\/\/www.lawfirmsardinia.com\/it\/chi-siamo-2\/","og_locale":"it_IT","og_type":"article","og_title":"Avvocato Nicola Nieddu Alghero | Avvocato Sassari | Sardegna","og_description":"L\u2019Avvocato Nicola Nieddu si occupa personalmente di pratiche internazionali e di quasi tutti gli ambiti del diritto civile nonch\u00e9 contenziosi","og_url":"https:\/\/www.lawfirmsardinia.com\/it\/chi-siamo-2\/","og_site_name":"Law Firm Sardinia","article_modified_time":"2022-09-16T14:12:30+00:00","og_image":[{"url":"https:\/\/www.lawfirmsardinia.com\/wp-content\/uploads\/2022\/08\/About-Us_Nieddu.jpeg","type":"","width":"","height":""}],"twitter_card":"summary_large_image","twitter_misc":{"Tempo di lettura stimato":"2 minuti"},"schema":{"@context":"https:\/\/schema.org","@graph":[{"@type":"WebPage","@id":"https:\/\/www.lawfirmsardinia.com\/it\/chi-siamo-2\/","url":"https:\/\/www.lawfirmsardinia.com\/it\/chi-siamo-2\/","name":"Avvocato Nicola Nieddu Alghero | Avvocato Sassari | Sardegna","isPartOf":{"@id":"https:\/\/www.lawfirmsardinia.com\/#website"},"primaryImageOfPage":{"@id":"https:\/\/www.lawfirmsardinia.com\/it\/chi-siamo-2\/#primaryimage"},"image":{"@id":"https:\/\/www.lawfirmsardinia.com\/it\/chi-siamo-2\/#primaryimage"},"thumbnailUrl":"https:\/\/www.lawfirmsardinia.com\/wp-content\/uploads\/2022\/08\/About-Us_Nieddu.jpeg","datePublished":"2022-08-22T15:21:46+00:00","dateModified":"2022-09-16T14:12:30+00:00","description":"L\u2019Avvocato Nicola Nieddu si occupa personalmente di pratiche internazionali e di quasi tutti gli ambiti del diritto civile nonch\u00e9 contenziosi","breadcrumb":{"@id":"https:\/\/www.lawfirmsardinia.com\/it\/chi-siamo-2\/#breadcrumb"},"inLanguage":"it-IT","potentialAction":[{"@type":"ReadAction","target":["https:\/\/www.lawfirmsardinia.com\/it\/chi-siamo-2\/"]}]},{"@type":"ImageObject","inLanguage":"it-IT","@id":"https:\/\/www.lawfirmsardinia.com\/it\/chi-siamo-2\/#primaryimage","url":"https:\/\/www.lawfirmsardinia.com\/wp-content\/uploads\/2022\/08\/About-Us_Nieddu.jpeg","contentUrl":"https:\/\/www.lawfirmsardinia.com\/wp-content\/uploads\/2022\/08\/About-Us_Nieddu.jpeg"},{"@type":"BreadcrumbList","@id":"https:\/\/www.lawfirmsardinia.com\/it\/chi-siamo-2\/#breadcrumb","itemListElement":[{"@type":"ListItem","position":1,"name":"Home","item":"https:\/\/www.lawfirmsardinia.com\/it\/home\/"},{"@type":"ListItem","position":2,"name":"Avvocato Nicola Nieddu"}]},{"@type":"WebSite","@id":"https:\/\/www.lawfirmsardinia.com\/#website","url":"https:\/\/www.lawfirmsardinia.com\/","name":"Law Firm Sardinia","description":"Civil and Penal Law | Real estate","potentialAction":[{"@type":"SearchAction","target":{"@type":"EntryPoint","urlTemplate":"https:\/\/www.lawfirmsardinia.com\/?s={search_term_string}"},"query-input":{"@type":"PropertyValueSpecification","valueRequired":true,"valueName":"search_term_string"}}],"inLanguage":"it-IT"}]}},"_links":{"self":[{"href":"https:\/\/www.lawfirmsardinia.com\/it\/wp-json\/wp\/v2\/pages\/1321","targetHints":{"allow":["GET"]}}],"collection":[{"href":"https:\/\/www.lawfirmsardinia.com\/it\/wp-json\/wp\/v2\/pages"}],"about":[{"href":"https:\/\/www.lawfirmsardinia.com\/it\/wp-json\/wp\/v2\/types\/page"}],"author":[{"embeddable":true,"href":"https:\/\/www.lawfirmsardinia.com\/it\/wp-json\/wp\/v2\/users\/1"}],"replies":[{"embeddable":true,"href":"https:\/\/www.lawfirmsardinia.com\/it\/wp-json\/wp\/v2\/comments?post=1321"}],"version-history":[{"count":2,"href":"https:\/\/www.lawfirmsardinia.com\/it\/wp-json\/wp\/v2\/pages\/1321\/revisions"}],"predecessor-version":[{"id":1401,"href":"https:\/\/www.lawfirmsardinia.com\/it\/wp-json\/wp\/v2\/pages\/1321\/revisions\/1401"}],"wp:attachment":[{"href":"https:\/\/www.lawfirmsardinia.com\/it\/wp-json\/wp\/v2\/media?parent=1321"}],"curies":[{"name":"wp","href":"https:\/\/api.w.org\/{rel}","templated":true}]}}