{"id":1317,"date":"2022-08-22T17:17:35","date_gmt":"2022-08-22T15:17:35","guid":{"rendered":"https:\/\/www.lawfirmsardinia.com\/?page_id=1317"},"modified":"2022-09-16T16:26:40","modified_gmt":"2022-09-16T14:26:40","slug":"registro-italiano-internet-della-dad-gmbh","status":"publish","type":"page","link":"https:\/\/www.lawfirmsardinia.com\/it\/registro-italiano-internet-della-dad-gmbh\/","title":{"rendered":"Registro Italiano su internet della DAD GmbH"},"content":{"rendered":"\n<p>Molte imprese negli scorsi anni sono cadute nella&nbsp;truffa (ben congegnata n.d.r.) dei moduli \u201c<strong>Registro Italiano su internet<\/strong>\u201d inviati della DAD GmbH.<\/p>\n\n\n\n<p>Tali moduli hanno un formato grafico che richiama quello utilizzato dalle Camere di Commercio (tanto da generare l&#8217;erronea convinzione che si tratti di moduli inviati proprio da un Ente Istituzionale legato alle Camere di Commercio e ai gestori dei domini).<\/p>\n\n\n\n<figure class=\"wp-block-image alignright size-full\"><img loading=\"lazy\" decoding=\"async\" width=\"300\" height=\"412\" src=\"https:\/\/www.lawfirmsardinia.com\/wp-content\/uploads\/2022\/08\/DAD_GmbH.jpeg\" alt=\"\" class=\"wp-image-1318\" srcset=\"https:\/\/www.lawfirmsardinia.com\/wp-content\/uploads\/2022\/08\/DAD_GmbH.jpeg 300w, https:\/\/www.lawfirmsardinia.com\/wp-content\/uploads\/2022\/08\/DAD_GmbH-218x300.jpeg 218w\" sizes=\"auto, (max-width: 300px) 100vw, 300px\" \/><\/figure>\n\n\n\n<p>Questi moduli recano la dicitura \u201c<em><strong>Vi preghiamo di verificare assolutamente la correttezza di tutte le indicazioni<\/strong><\/em> e di <em><strong>correggerle nelle caselle previste, se \u00e8 necessario<\/strong><\/em>\u201d e, di seguito, riportano due colonne di dati, nella prima vi sono i dati dell\u2019impresa contattata (i dati contengono per\u00f2 alcuni evidenti errori).<\/p>\n\n\n\n<p>La presenza dei predetti errori, congiuntamente alla richiesta di modifica allegata al formulario, ha spinto molti imprenditori alla correzione dei dati errati e all\u2019invio dei moduli firmati al numero di fax indicato (02 40746233, apparentemente un fax con prefisso della citt\u00e0 di Milano).<\/p>\n\n\n\n<p>I predetti formulari recano in calce un fitto e minuto testo in cui viene indicato il costo&nbsp;\u201c<em>per l&#8217;importo annuale di <strong>958<\/strong> Euro pagabili di volta in volta<\/em>\u201d, con la precisazione che \u201c<em><strong>l&#8217;ordine vale per i prossimi tre<\/strong> anni e viene successivamente rinnovato ogni anno di un ulteriore anno<\/em>\u201d, viene, altres\u00ec stabilita la esclusiva giurisdizione tedesca per ogni vertenza inerente al contratto.<\/p>\n\n\n\n<p>L\u2019inserimento presso il sito \u201cregistro Italiano su internet\u201d avviene realmente ma il servizio fornito \u00e8 di scarsissimo pregio per la totale assenza di vantaggi in termini di visibilit\u00e0 e di posizionamento nei motori di ricerca, nonch\u00e8 per la pessima qualit\u00e0 grafica del sito.<\/p>\n\n\n\n<p>Nonostante le disdette dal servizio inviate dagli imprenditori truffati, la DAD GmbH continua, in maniera incessante, a inviare diffide di pagamento (per un importo che al terzo anno arrivano a <strong>\u20ac2.874<\/strong> oltre interessi e spese) ingenerando cos\u00ec forti pressioni.<\/p>\n\n\n\n<p>Successivamente gli imprenditori sottoscrittori del modulo vengono contattati dalla DAD o anche da terze societ\u00e0 di recupero crediti (come la la Cross Border Recovery s.r.o con sede nella Repubblica Ceca) che sollecitano il pagamento, entro pochi giorni, di una somma inferiore\/scontata ammonendo che, in difetto, procederanno a ottenere un provvedimento di condanna (per l\u2019intero importo di \u20ac2.874 oltre interessi e spese) presso i Tribunali tedeschi.<\/p>\n\n\n\n<p>Pare chiaro il progetto architettato della DAD: vantare un credito cospicuo per poi proporre il pagamento, entro pochissimi giorni, di una somma scontata al fine di invogliare l\u2019impresa italiana a evitare la costituzione in giudizio davanti alle autorit\u00e0 tedesche (attivit\u00e0 questa che avrebbe costi ben pi\u00f9 alti della somma proposta ai fini transattivi).<\/p>\n\n\n\n<p>L\u2019imprenditore \u201craggirato\u201d si trova costretto ad accettare una proposta di pagamento (per liberarsi definitivamente dal problema) pur di evitare i costi di una opposizione in giudizio davanti alle autorit\u00e0 tedesche o, ancor peggio, il rischio di una esecuzione (mobiliare o immobiliare) azionata in forza di un provvedimento emesso in contumacia dal&nbsp;Tribunale di Monaco.<\/p>\n\n\n\n<p>Gi\u00e0 l&#8217;Autorit\u00e0 Garante per la Concorrenza ed il Mercato ebbe irrogare delle sanzioni amministrative nei confronti del \u201cRegistro Italiano in Internet\u201d (cos\u00ec il provvedimento n. 16766\/2007); ci\u00f2 senza per\u00f2 riuscire a impedire il proseguo della attivit\u00e0 di raggiro messa in atto dalla DAD GmbH.<\/p>\n\n\n\n<p>Non hanno avuto alcun esito neanche i vari procedimenti penali avviati a seguito delle denunce depositate dagli imprenditori truffati.<\/p>\n\n\n\n<p><strong>Questo studio, con una spesa assai limitata, anticipa un possibile processo davanti ai Tribunali Tedeschi mediante l\u2019accertamento negativo delle pretese della DAD GmbH presso il&nbsp;tribunale di competenza territoriale dell\u2019impresa raggirata. Cos\u00ec facendo nessun provvedimento eventualmente emesso da autorit\u00e0 tedesche pu\u00f2 essere azionato esecutivamente in Italia (ne bis in idem).<\/strong><\/p>\n\n\n\n<p><a href=\"http:\/\/www.lawfirmsardinia.com\/wp-content\/uploads\/2017\/03\/DAD.pdf\">Ricorso contro DAD<\/a>&nbsp;Gmbh<\/p>\n","protected":false},"excerpt":{"rendered":"<p>Molte imprese negli scorsi anni sono cadute nella&nbsp;truffa (ben congegnata n.d.r.) dei moduli \u201cRegistro Italiano su internet\u201d inviati della DAD GmbH. Tali moduli hanno un formato grafico che richiama quello utilizzato dalle Camere di Commercio (tanto da generare l&#8217;erronea convinzione che si tratti di moduli inviati proprio da un Ente Istituzionale legato alle Camere di [&hellip;]<\/p>\n","protected":false},"author":1,"featured_media":0,"parent":0,"menu_order":0,"comment_status":"closed","ping_status":"closed","template":"","meta":{"footnotes":""},"class_list":["post-1317","page","type-page","status-publish","hentry"],"yoast_head":"<!-- This site is optimized with the Yoast SEO plugin v27.5 - https:\/\/yoast.com\/product\/yoast-seo-wordpress\/ -->\n<title>Registro Italiano su internet della DAD GmbH - Law Firm Sardinia<\/title>\n<meta name=\"description\" content=\"Molte imprese negli scorsi anni sono cadute in\u00a0truffa (n.d.r.) dei moduli Registro Italiano su internet inviati della DAD GmbH.\" \/>\n<meta name=\"robots\" content=\"index, follow, max-snippet:-1, max-image-preview:large, max-video-preview:-1\" \/>\n<link rel=\"canonical\" href=\"https:\/\/www.lawfirmsardinia.com\/it\/registro-italiano-internet-della-dad-gmbh\/\" \/>\n<meta property=\"og:locale\" content=\"it_IT\" \/>\n<meta property=\"og:type\" content=\"article\" \/>\n<meta property=\"og:title\" content=\"Registro Italiano su internet della DAD GmbH - Law Firm Sardinia\" \/>\n<meta property=\"og:description\" content=\"Molte imprese negli scorsi anni sono cadute in\u00a0truffa (n.d.r.) dei moduli Registro Italiano su internet inviati della DAD GmbH.\" \/>\n<meta property=\"og:url\" content=\"https:\/\/www.lawfirmsardinia.com\/it\/registro-italiano-internet-della-dad-gmbh\/\" \/>\n<meta property=\"og:site_name\" content=\"Law Firm Sardinia\" \/>\n<meta property=\"article:modified_time\" content=\"2022-09-16T14:26:40+00:00\" \/>\n<meta property=\"og:image\" content=\"https:\/\/www.lawfirmsardinia.com\/wp-content\/uploads\/2022\/08\/DAD_GmbH.jpeg\" \/>\n<meta name=\"twitter:card\" content=\"summary_large_image\" \/>\n<meta name=\"twitter:label1\" content=\"Tempo di lettura stimato\" \/>\n\t<meta name=\"twitter:data1\" content=\"3 minuti\" \/>\n<script type=\"application\/ld+json\" class=\"yoast-schema-graph\">{\"@context\":\"https:\\\/\\\/schema.org\",\"@graph\":[{\"@type\":\"WebPage\",\"@id\":\"https:\\\/\\\/www.lawfirmsardinia.com\\\/it\\\/registro-italiano-internet-della-dad-gmbh\\\/\",\"url\":\"https:\\\/\\\/www.lawfirmsardinia.com\\\/it\\\/registro-italiano-internet-della-dad-gmbh\\\/\",\"name\":\"Registro Italiano su internet della DAD GmbH - Law Firm Sardinia\",\"isPartOf\":{\"@id\":\"https:\\\/\\\/www.lawfirmsardinia.com\\\/#website\"},\"primaryImageOfPage\":{\"@id\":\"https:\\\/\\\/www.lawfirmsardinia.com\\\/it\\\/registro-italiano-internet-della-dad-gmbh\\\/#primaryimage\"},\"image\":{\"@id\":\"https:\\\/\\\/www.lawfirmsardinia.com\\\/it\\\/registro-italiano-internet-della-dad-gmbh\\\/#primaryimage\"},\"thumbnailUrl\":\"https:\\\/\\\/www.lawfirmsardinia.com\\\/wp-content\\\/uploads\\\/2022\\\/08\\\/DAD_GmbH.jpeg\",\"datePublished\":\"2022-08-22T15:17:35+00:00\",\"dateModified\":\"2022-09-16T14:26:40+00:00\",\"description\":\"Molte imprese negli scorsi anni sono cadute in\u00a0truffa (n.d.r.) dei moduli Registro Italiano su internet inviati della DAD GmbH.\",\"breadcrumb\":{\"@id\":\"https:\\\/\\\/www.lawfirmsardinia.com\\\/it\\\/registro-italiano-internet-della-dad-gmbh\\\/#breadcrumb\"},\"inLanguage\":\"it-IT\",\"potentialAction\":[{\"@type\":\"ReadAction\",\"target\":[\"https:\\\/\\\/www.lawfirmsardinia.com\\\/it\\\/registro-italiano-internet-della-dad-gmbh\\\/\"]}]},{\"@type\":\"ImageObject\",\"inLanguage\":\"it-IT\",\"@id\":\"https:\\\/\\\/www.lawfirmsardinia.com\\\/it\\\/registro-italiano-internet-della-dad-gmbh\\\/#primaryimage\",\"url\":\"https:\\\/\\\/www.lawfirmsardinia.com\\\/wp-content\\\/uploads\\\/2022\\\/08\\\/DAD_GmbH.jpeg\",\"contentUrl\":\"https:\\\/\\\/www.lawfirmsardinia.com\\\/wp-content\\\/uploads\\\/2022\\\/08\\\/DAD_GmbH.jpeg\"},{\"@type\":\"BreadcrumbList\",\"@id\":\"https:\\\/\\\/www.lawfirmsardinia.com\\\/it\\\/registro-italiano-internet-della-dad-gmbh\\\/#breadcrumb\",\"itemListElement\":[{\"@type\":\"ListItem\",\"position\":1,\"name\":\"Home\",\"item\":\"https:\\\/\\\/www.lawfirmsardinia.com\\\/it\\\/home\\\/\"},{\"@type\":\"ListItem\",\"position\":2,\"name\":\"Registro Italiano su internet della DAD GmbH\"}]},{\"@type\":\"WebSite\",\"@id\":\"https:\\\/\\\/www.lawfirmsardinia.com\\\/#website\",\"url\":\"https:\\\/\\\/www.lawfirmsardinia.com\\\/\",\"name\":\"Law Firm Sardinia\",\"description\":\"Civil and Penal Law | Real estate\",\"potentialAction\":[{\"@type\":\"SearchAction\",\"target\":{\"@type\":\"EntryPoint\",\"urlTemplate\":\"https:\\\/\\\/www.lawfirmsardinia.com\\\/?s={search_term_string}\"},\"query-input\":{\"@type\":\"PropertyValueSpecification\",\"valueRequired\":true,\"valueName\":\"search_term_string\"}}],\"inLanguage\":\"it-IT\"}]}<\/script>\n<!-- \/ Yoast SEO plugin. -->","yoast_head_json":{"title":"Registro Italiano su internet della DAD GmbH - Law Firm Sardinia","description":"Molte imprese negli scorsi anni sono cadute in\u00a0truffa (n.d.r.) dei moduli Registro Italiano su internet inviati della DAD GmbH.","robots":{"index":"index","follow":"follow","max-snippet":"max-snippet:-1","max-image-preview":"max-image-preview:large","max-video-preview":"max-video-preview:-1"},"canonical":"https:\/\/www.lawfirmsardinia.com\/it\/registro-italiano-internet-della-dad-gmbh\/","og_locale":"it_IT","og_type":"article","og_title":"Registro Italiano su internet della DAD GmbH - Law Firm Sardinia","og_description":"Molte imprese negli scorsi anni sono cadute in\u00a0truffa (n.d.r.) dei moduli Registro Italiano su internet inviati della DAD GmbH.","og_url":"https:\/\/www.lawfirmsardinia.com\/it\/registro-italiano-internet-della-dad-gmbh\/","og_site_name":"Law Firm Sardinia","article_modified_time":"2022-09-16T14:26:40+00:00","og_image":[{"url":"https:\/\/www.lawfirmsardinia.com\/wp-content\/uploads\/2022\/08\/DAD_GmbH.jpeg","type":"","width":"","height":""}],"twitter_card":"summary_large_image","twitter_misc":{"Tempo di lettura stimato":"3 minuti"},"schema":{"@context":"https:\/\/schema.org","@graph":[{"@type":"WebPage","@id":"https:\/\/www.lawfirmsardinia.com\/it\/registro-italiano-internet-della-dad-gmbh\/","url":"https:\/\/www.lawfirmsardinia.com\/it\/registro-italiano-internet-della-dad-gmbh\/","name":"Registro Italiano su internet della DAD GmbH - Law Firm Sardinia","isPartOf":{"@id":"https:\/\/www.lawfirmsardinia.com\/#website"},"primaryImageOfPage":{"@id":"https:\/\/www.lawfirmsardinia.com\/it\/registro-italiano-internet-della-dad-gmbh\/#primaryimage"},"image":{"@id":"https:\/\/www.lawfirmsardinia.com\/it\/registro-italiano-internet-della-dad-gmbh\/#primaryimage"},"thumbnailUrl":"https:\/\/www.lawfirmsardinia.com\/wp-content\/uploads\/2022\/08\/DAD_GmbH.jpeg","datePublished":"2022-08-22T15:17:35+00:00","dateModified":"2022-09-16T14:26:40+00:00","description":"Molte imprese negli scorsi anni sono cadute in\u00a0truffa (n.d.r.) dei moduli Registro Italiano su internet inviati della DAD GmbH.","breadcrumb":{"@id":"https:\/\/www.lawfirmsardinia.com\/it\/registro-italiano-internet-della-dad-gmbh\/#breadcrumb"},"inLanguage":"it-IT","potentialAction":[{"@type":"ReadAction","target":["https:\/\/www.lawfirmsardinia.com\/it\/registro-italiano-internet-della-dad-gmbh\/"]}]},{"@type":"ImageObject","inLanguage":"it-IT","@id":"https:\/\/www.lawfirmsardinia.com\/it\/registro-italiano-internet-della-dad-gmbh\/#primaryimage","url":"https:\/\/www.lawfirmsardinia.com\/wp-content\/uploads\/2022\/08\/DAD_GmbH.jpeg","contentUrl":"https:\/\/www.lawfirmsardinia.com\/wp-content\/uploads\/2022\/08\/DAD_GmbH.jpeg"},{"@type":"BreadcrumbList","@id":"https:\/\/www.lawfirmsardinia.com\/it\/registro-italiano-internet-della-dad-gmbh\/#breadcrumb","itemListElement":[{"@type":"ListItem","position":1,"name":"Home","item":"https:\/\/www.lawfirmsardinia.com\/it\/home\/"},{"@type":"ListItem","position":2,"name":"Registro Italiano su internet della DAD GmbH"}]},{"@type":"WebSite","@id":"https:\/\/www.lawfirmsardinia.com\/#website","url":"https:\/\/www.lawfirmsardinia.com\/","name":"Law Firm Sardinia","description":"Civil and Penal Law | Real estate","potentialAction":[{"@type":"SearchAction","target":{"@type":"EntryPoint","urlTemplate":"https:\/\/www.lawfirmsardinia.com\/?s={search_term_string}"},"query-input":{"@type":"PropertyValueSpecification","valueRequired":true,"valueName":"search_term_string"}}],"inLanguage":"it-IT"}]}},"_links":{"self":[{"href":"https:\/\/www.lawfirmsardinia.com\/it\/wp-json\/wp\/v2\/pages\/1317","targetHints":{"allow":["GET"]}}],"collection":[{"href":"https:\/\/www.lawfirmsardinia.com\/it\/wp-json\/wp\/v2\/pages"}],"about":[{"href":"https:\/\/www.lawfirmsardinia.com\/it\/wp-json\/wp\/v2\/types\/page"}],"author":[{"embeddable":true,"href":"https:\/\/www.lawfirmsardinia.com\/it\/wp-json\/wp\/v2\/users\/1"}],"replies":[{"embeddable":true,"href":"https:\/\/www.lawfirmsardinia.com\/it\/wp-json\/wp\/v2\/comments?post=1317"}],"version-history":[{"count":1,"href":"https:\/\/www.lawfirmsardinia.com\/it\/wp-json\/wp\/v2\/pages\/1317\/revisions"}],"predecessor-version":[{"id":1320,"href":"https:\/\/www.lawfirmsardinia.com\/it\/wp-json\/wp\/v2\/pages\/1317\/revisions\/1320"}],"wp:attachment":[{"href":"https:\/\/www.lawfirmsardinia.com\/it\/wp-json\/wp\/v2\/media?parent=1317"}],"curies":[{"name":"wp","href":"https:\/\/api.w.org\/{rel}","templated":true}]}}