{"id":1315,"date":"2022-08-22T17:13:21","date_gmt":"2022-08-22T15:13:21","guid":{"rendered":"https:\/\/www.lawfirmsardinia.com\/?page_id=1315"},"modified":"2022-09-23T23:59:48","modified_gmt":"2022-09-23T21:59:48","slug":"equitalia-agenzie-riscossione","status":"publish","type":"page","link":"https:\/\/www.lawfirmsardinia.com\/it\/equitalia-agenzie-riscossione\/","title":{"rendered":"Equitalia &#8211; Agenzie di Riscossione"},"content":{"rendered":"\n<figure class=\"wp-block-image alignright size-full\"><a href=\"https:\/\/www.lawfirmsardinia.com\/it\/contatti\/\"><img loading=\"lazy\" decoding=\"async\" width=\"500\" height=\"500\" src=\"https:\/\/www.lawfirmsardinia.com\/wp-content\/uploads\/2022\/09\/contatta_lawfirmsardinia.webp\" alt=\"\" class=\"wp-image-1414\" srcset=\"https:\/\/www.lawfirmsardinia.com\/wp-content\/uploads\/2022\/09\/contatta_lawfirmsardinia.webp 500w, https:\/\/www.lawfirmsardinia.com\/wp-content\/uploads\/2022\/09\/contatta_lawfirmsardinia-300x300.webp 300w, https:\/\/www.lawfirmsardinia.com\/wp-content\/uploads\/2022\/09\/contatta_lawfirmsardinia-80x80.webp 80w, https:\/\/www.lawfirmsardinia.com\/wp-content\/uploads\/2022\/09\/contatta_lawfirmsardinia-36x36.webp 36w, https:\/\/www.lawfirmsardinia.com\/wp-content\/uploads\/2022\/09\/contatta_lawfirmsardinia-180x180.webp 180w\" sizes=\"auto, (max-width: 500px) 100vw, 500px\" \/><\/a><\/figure>\n\n\n\n<h2 class=\"wp-block-heading\">Servizi di opposizione a Equitalia<\/h2>\n\n\n\n<p>Oltre 2 milioni e mezzo di famiglie in Italia lottano per fare fronte a finanziarie, cartelle esattoriali, pignoramenti e rate dure da sopportare.<\/p>\n\n\n\n<p>Se ritieni che la richiesta di pagamento contenuta nella cartella o nell\u2019avviso inviato dall\u2019Agenzia delle Entrate-Riscossione non sia dovuta, puoi chiederne l\u2019annullamento direttamente all\u2019ente creditore, al giudice.<\/p>\n\n\n\n<p><a href=\"https:\/\/www.agenziaentrateriscossione.gov.it\/it\/cittadini\/AnnullamentoDelDebito\/#collapse-reverse-0\"><\/a>Una soluzione esiste.<\/p>\n\n\n\n<p>Incominciamo fornendo un dato fondamentale:<\/p>\n\n\n\n<p>I tempi per opporsi a una cartella esattoriale Equitalia sono molto corti, vediamoli nei dettagli. <\/p>\n\n\n\n<h2 class=\"wp-block-heading\">Quanto tempo ho per oppormi a Equitalia?<\/h2>\n\n\n\n<p>I tempi per opporsi a Equitalia sono diversi per le diverse cartelle:<\/p>\n\n\n\n<p>Dal momento in cui ti viene notificata una cartella esattoriale ti saranno concessi:<\/p>\n\n\n\n<ul class=\"wp-block-list\"><li>60 giorni per i compensi dovuti allo Stato, Regioni, Province e Comuni.<\/li><li>Solo 40 giorni per contributi previdenziali e assistenziali Inail o Inps avrai a disposizione.<\/li><li>30 giorni per tutte le altre sanzioni amministrative, come ad esempio le multe stradali.&nbsp;<\/li><\/ul>\n\n\n\n<h2 class=\"wp-block-heading\">A quale giudice mi devo rivolgere per una cartella esattoriale Equitalia?<\/h2>\n\n\n\n<p>Sei pronto a fare ricorso? Bene il prossimo passo sar\u00e0 capire a quale giudice rivolgere il tuo ricorso.<\/p>\n\n\n\n<p>Solo uno studio legale specializzato nell&#8217;opposizione a cartella esattoriale Equitalia \u00e8 in grado di fare questa delicata valutazione.<\/p>\n\n\n\n<p>Fare opposizione a una cartella esattoriale Equitalia in modo specifico e corretto \u00e8 fondamentale se vuoi evitare di perdere dei soldi e tanto tempo che puoi dedicare al lavoro o ai tuoi cari, in modo pi\u00f9 efficace.<\/p>\n\n\n\n<p>Il Nostro studio Legale a Sassari si occupa di esaminare gli estratti di ruolo e le relative notifiche, per verificare la presenza di somme ormai coperte da prescrizione quinquennale (in particolare per tributi degli Enti locali per contributi INPS e INAIL) e, conseguentemente, di proporre opposizione nelle opportune sedi.<\/p>\n\n\n\n<p>Qui sotto puoi vedere la recente sentenza n. 122 del 01\/06\/2018&nbsp; della Corte d&#8217;Appello di Cagliari<\/p>\n\n\n\n<p><a href=\"http:\/\/www.lawfirmsardinia.com\/wp-content\/uploads\/2017\/02\/Corte-dappello-CA.pdf\">Cliccando qui<\/a> puoi accedere a una delle sentenze che ci hanno visto vincitori su Equitalia<\/p>\n\n\n\n<p><\/p>\n\n\n\n<h2 class=\"wp-block-heading\">Cosa succede quando presento ricorso a Equitalia?<\/h2>\n\n\n\n<p>le opzioni che hai a dsposizione, dopo la presentazione del ricorso a Equitalia presso il giudice competente sono solamente 2:<\/p>\n\n\n\n<ul class=\"wp-block-list\"><li>Accoglimento, La tua pratica viene accolta dal giudice;<\/li><li>Rigetto, La tua pratica viene rigettata dal giudice;<\/li><\/ul>\n\n\n\n<h2 class=\"wp-block-heading\">Cosa succede se il giudice accoglie il ricorso a Equitalia?<\/h2>\n\n\n\n<p>Se il giudice accoglie la tua opposizione alla cartella esattoriale dichiarer\u00e0 illegittima la cartella e la relativa pretesa della somma di denaro dall&#8217;ente indicato nella cartella. In questo modo annulla la riscossione e procede a effettuare la rimozione degli importi iscritti a ruolo.  Avrai quindi non solo lo sgravio ma anche la restituzione delle somme gi\u00e0 versate entro 90 giorni dall&#8217;accoglimento del giudice.<\/p>\n\n\n\n<h2 class=\"wp-block-heading\">Cosa succede se il giudice rigetta il ricorso a Equitalia?<\/h2>\n\n\n\n<p>Se il giudice invece decide per il rigettare, sarai obbligato a pagare la somma richiesta dall&#8217;ente ma potrai chiedere all&#8217;ente una rateizzazione con dei massimi e dei minimi di rata stabili per legge che ti consentir\u00e0 di pagare pi\u00f9 facilmente il tuo debito.<\/p>\n\n\n\n<p>Tutte queste procedure richiedono, come anticipato, che tu ti rivolga a uno studio legale che ti possa aiutare a presentare la domanda di opposizione alla cartella esattoriale di Equitalia. La scelta dello studio \u00e8 molto importante in quanto avere un avvocato esperto in materia di riscossione Equitalia aumenter\u00e0 le possibilit\u00e0 di successo e di accoglimento della tua opposizione. Informati bene e armati di pazienza.<\/p>\n","protected":false},"excerpt":{"rendered":"<p>Servizi di opposizione a Equitalia Oltre 2 milioni e mezzo di famiglie in Italia lottano per fare fronte a finanziarie, cartelle esattoriali, pignoramenti e rate dure da sopportare. Se ritieni che la richiesta di pagamento contenuta nella cartella o nell\u2019avviso inviato dall\u2019Agenzia delle Entrate-Riscossione non sia dovuta, puoi chiederne l\u2019annullamento direttamente all\u2019ente creditore, al giudice. [&hellip;]<\/p>\n","protected":false},"author":1,"featured_media":0,"parent":0,"menu_order":0,"comment_status":"closed","ping_status":"closed","template":"","meta":{"footnotes":""},"class_list":["post-1315","page","type-page","status-publish","hentry"],"yoast_head":"<!-- This site is optimized with the Yoast SEO plugin v27.5 - https:\/\/yoast.com\/product\/yoast-seo-wordpress\/ -->\n<title>Difendersi da Equitalia | Equitalia Causa | Saldo Stralcio | Sardegna<\/title>\n<meta name=\"description\" content=\"Equitalia Milioni di famiglie lottano contro cartelle esattoriali, pignoramenti. Studio Legale esamina notifiche, verificarne la prescrizione\" \/>\n<meta name=\"robots\" content=\"index, follow, max-snippet:-1, max-image-preview:large, max-video-preview:-1\" \/>\n<link rel=\"canonical\" href=\"https:\/\/www.lawfirmsardinia.com\/it\/equitalia-agenzie-riscossione\/\" \/>\n<meta property=\"og:locale\" content=\"it_IT\" \/>\n<meta property=\"og:type\" content=\"article\" \/>\n<meta property=\"og:title\" content=\"Difendersi da Equitalia | Equitalia Causa | Saldo Stralcio | Sardegna\" \/>\n<meta property=\"og:description\" content=\"Equitalia Milioni di famiglie lottano contro cartelle esattoriali, pignoramenti. Studio Legale esamina notifiche, verificarne la prescrizione\" \/>\n<meta property=\"og:url\" content=\"https:\/\/www.lawfirmsardinia.com\/it\/equitalia-agenzie-riscossione\/\" \/>\n<meta property=\"og:site_name\" content=\"Law Firm Sardinia\" \/>\n<meta property=\"article:modified_time\" content=\"2022-09-23T21:59:48+00:00\" \/>\n<meta property=\"og:image\" content=\"https:\/\/www.lawfirmsardinia.com\/wp-content\/uploads\/2022\/09\/contatta_lawfirmsardinia.webp\" \/>\n<meta name=\"twitter:card\" content=\"summary_large_image\" \/>\n<meta name=\"twitter:label1\" content=\"Tempo di lettura stimato\" \/>\n\t<meta name=\"twitter:data1\" content=\"3 minuti\" \/>\n<script type=\"application\/ld+json\" class=\"yoast-schema-graph\">{\"@context\":\"https:\\\/\\\/schema.org\",\"@graph\":[{\"@type\":\"WebPage\",\"@id\":\"https:\\\/\\\/www.lawfirmsardinia.com\\\/it\\\/equitalia-agenzie-riscossione\\\/\",\"url\":\"https:\\\/\\\/www.lawfirmsardinia.com\\\/it\\\/equitalia-agenzie-riscossione\\\/\",\"name\":\"Difendersi da Equitalia | Equitalia Causa | Saldo Stralcio | Sardegna\",\"isPartOf\":{\"@id\":\"https:\\\/\\\/www.lawfirmsardinia.com\\\/#website\"},\"primaryImageOfPage\":{\"@id\":\"https:\\\/\\\/www.lawfirmsardinia.com\\\/it\\\/equitalia-agenzie-riscossione\\\/#primaryimage\"},\"image\":{\"@id\":\"https:\\\/\\\/www.lawfirmsardinia.com\\\/it\\\/equitalia-agenzie-riscossione\\\/#primaryimage\"},\"thumbnailUrl\":\"https:\\\/\\\/www.lawfirmsardinia.com\\\/wp-content\\\/uploads\\\/2022\\\/09\\\/contatta_lawfirmsardinia.webp\",\"datePublished\":\"2022-08-22T15:13:21+00:00\",\"dateModified\":\"2022-09-23T21:59:48+00:00\",\"description\":\"Equitalia Milioni di famiglie lottano contro cartelle esattoriali, pignoramenti. Studio Legale esamina notifiche, verificarne la prescrizione\",\"breadcrumb\":{\"@id\":\"https:\\\/\\\/www.lawfirmsardinia.com\\\/it\\\/equitalia-agenzie-riscossione\\\/#breadcrumb\"},\"inLanguage\":\"it-IT\",\"potentialAction\":[{\"@type\":\"ReadAction\",\"target\":[\"https:\\\/\\\/www.lawfirmsardinia.com\\\/it\\\/equitalia-agenzie-riscossione\\\/\"]}]},{\"@type\":\"ImageObject\",\"inLanguage\":\"it-IT\",\"@id\":\"https:\\\/\\\/www.lawfirmsardinia.com\\\/it\\\/equitalia-agenzie-riscossione\\\/#primaryimage\",\"url\":\"https:\\\/\\\/www.lawfirmsardinia.com\\\/wp-content\\\/uploads\\\/2022\\\/09\\\/contatta_lawfirmsardinia.webp\",\"contentUrl\":\"https:\\\/\\\/www.lawfirmsardinia.com\\\/wp-content\\\/uploads\\\/2022\\\/09\\\/contatta_lawfirmsardinia.webp\"},{\"@type\":\"BreadcrumbList\",\"@id\":\"https:\\\/\\\/www.lawfirmsardinia.com\\\/it\\\/equitalia-agenzie-riscossione\\\/#breadcrumb\",\"itemListElement\":[{\"@type\":\"ListItem\",\"position\":1,\"name\":\"Home\",\"item\":\"https:\\\/\\\/www.lawfirmsardinia.com\\\/it\\\/home\\\/\"},{\"@type\":\"ListItem\",\"position\":2,\"name\":\"Equitalia &#8211; Agenzie di Riscossione\"}]},{\"@type\":\"WebSite\",\"@id\":\"https:\\\/\\\/www.lawfirmsardinia.com\\\/#website\",\"url\":\"https:\\\/\\\/www.lawfirmsardinia.com\\\/\",\"name\":\"Law Firm Sardinia\",\"description\":\"Civil and Penal Law | Real estate\",\"potentialAction\":[{\"@type\":\"SearchAction\",\"target\":{\"@type\":\"EntryPoint\",\"urlTemplate\":\"https:\\\/\\\/www.lawfirmsardinia.com\\\/?s={search_term_string}\"},\"query-input\":{\"@type\":\"PropertyValueSpecification\",\"valueRequired\":true,\"valueName\":\"search_term_string\"}}],\"inLanguage\":\"it-IT\"}]}<\/script>\n<!-- \/ Yoast SEO plugin. -->","yoast_head_json":{"title":"Difendersi da Equitalia | Equitalia Causa | Saldo Stralcio | Sardegna","description":"Equitalia Milioni di famiglie lottano contro cartelle esattoriali, pignoramenti. Studio Legale esamina notifiche, verificarne la prescrizione","robots":{"index":"index","follow":"follow","max-snippet":"max-snippet:-1","max-image-preview":"max-image-preview:large","max-video-preview":"max-video-preview:-1"},"canonical":"https:\/\/www.lawfirmsardinia.com\/it\/equitalia-agenzie-riscossione\/","og_locale":"it_IT","og_type":"article","og_title":"Difendersi da Equitalia | Equitalia Causa | Saldo Stralcio | Sardegna","og_description":"Equitalia Milioni di famiglie lottano contro cartelle esattoriali, pignoramenti. Studio Legale esamina notifiche, verificarne la prescrizione","og_url":"https:\/\/www.lawfirmsardinia.com\/it\/equitalia-agenzie-riscossione\/","og_site_name":"Law Firm Sardinia","article_modified_time":"2022-09-23T21:59:48+00:00","og_image":[{"url":"https:\/\/www.lawfirmsardinia.com\/wp-content\/uploads\/2022\/09\/contatta_lawfirmsardinia.webp","type":"","width":"","height":""}],"twitter_card":"summary_large_image","twitter_misc":{"Tempo di lettura stimato":"3 minuti"},"schema":{"@context":"https:\/\/schema.org","@graph":[{"@type":"WebPage","@id":"https:\/\/www.lawfirmsardinia.com\/it\/equitalia-agenzie-riscossione\/","url":"https:\/\/www.lawfirmsardinia.com\/it\/equitalia-agenzie-riscossione\/","name":"Difendersi da Equitalia | Equitalia Causa | Saldo Stralcio | Sardegna","isPartOf":{"@id":"https:\/\/www.lawfirmsardinia.com\/#website"},"primaryImageOfPage":{"@id":"https:\/\/www.lawfirmsardinia.com\/it\/equitalia-agenzie-riscossione\/#primaryimage"},"image":{"@id":"https:\/\/www.lawfirmsardinia.com\/it\/equitalia-agenzie-riscossione\/#primaryimage"},"thumbnailUrl":"https:\/\/www.lawfirmsardinia.com\/wp-content\/uploads\/2022\/09\/contatta_lawfirmsardinia.webp","datePublished":"2022-08-22T15:13:21+00:00","dateModified":"2022-09-23T21:59:48+00:00","description":"Equitalia Milioni di famiglie lottano contro cartelle esattoriali, pignoramenti. Studio Legale esamina notifiche, verificarne la prescrizione","breadcrumb":{"@id":"https:\/\/www.lawfirmsardinia.com\/it\/equitalia-agenzie-riscossione\/#breadcrumb"},"inLanguage":"it-IT","potentialAction":[{"@type":"ReadAction","target":["https:\/\/www.lawfirmsardinia.com\/it\/equitalia-agenzie-riscossione\/"]}]},{"@type":"ImageObject","inLanguage":"it-IT","@id":"https:\/\/www.lawfirmsardinia.com\/it\/equitalia-agenzie-riscossione\/#primaryimage","url":"https:\/\/www.lawfirmsardinia.com\/wp-content\/uploads\/2022\/09\/contatta_lawfirmsardinia.webp","contentUrl":"https:\/\/www.lawfirmsardinia.com\/wp-content\/uploads\/2022\/09\/contatta_lawfirmsardinia.webp"},{"@type":"BreadcrumbList","@id":"https:\/\/www.lawfirmsardinia.com\/it\/equitalia-agenzie-riscossione\/#breadcrumb","itemListElement":[{"@type":"ListItem","position":1,"name":"Home","item":"https:\/\/www.lawfirmsardinia.com\/it\/home\/"},{"@type":"ListItem","position":2,"name":"Equitalia &#8211; Agenzie di Riscossione"}]},{"@type":"WebSite","@id":"https:\/\/www.lawfirmsardinia.com\/#website","url":"https:\/\/www.lawfirmsardinia.com\/","name":"Law Firm Sardinia","description":"Civil and Penal Law | Real estate","potentialAction":[{"@type":"SearchAction","target":{"@type":"EntryPoint","urlTemplate":"https:\/\/www.lawfirmsardinia.com\/?s={search_term_string}"},"query-input":{"@type":"PropertyValueSpecification","valueRequired":true,"valueName":"search_term_string"}}],"inLanguage":"it-IT"}]}},"_links":{"self":[{"href":"https:\/\/www.lawfirmsardinia.com\/it\/wp-json\/wp\/v2\/pages\/1315","targetHints":{"allow":["GET"]}}],"collection":[{"href":"https:\/\/www.lawfirmsardinia.com\/it\/wp-json\/wp\/v2\/pages"}],"about":[{"href":"https:\/\/www.lawfirmsardinia.com\/it\/wp-json\/wp\/v2\/types\/page"}],"author":[{"embeddable":true,"href":"https:\/\/www.lawfirmsardinia.com\/it\/wp-json\/wp\/v2\/users\/1"}],"replies":[{"embeddable":true,"href":"https:\/\/www.lawfirmsardinia.com\/it\/wp-json\/wp\/v2\/comments?post=1315"}],"version-history":[{"count":7,"href":"https:\/\/www.lawfirmsardinia.com\/it\/wp-json\/wp\/v2\/pages\/1315\/revisions"}],"predecessor-version":[{"id":1423,"href":"https:\/\/www.lawfirmsardinia.com\/it\/wp-json\/wp\/v2\/pages\/1315\/revisions\/1423"}],"wp:attachment":[{"href":"https:\/\/www.lawfirmsardinia.com\/it\/wp-json\/wp\/v2\/media?parent=1315"}],"curies":[{"name":"wp","href":"https:\/\/api.w.org\/{rel}","templated":true}]}}