{"id":1307,"date":"2022-08-22T17:09:24","date_gmt":"2022-08-22T15:09:24","guid":{"rendered":"https:\/\/www.lawfirmsardinia.com\/?page_id=1307"},"modified":"2022-08-22T17:09:25","modified_gmt":"2022-08-22T15:09:25","slug":"servizi-legali","status":"publish","type":"page","link":"https:\/\/www.lawfirmsardinia.com\/it\/servizi-legali\/","title":{"rendered":"Servizi Legali"},"content":{"rendered":"\n<p>Lo studio legale Nieddu ha sede ad Alghero (Sassari-Sardegna), in Via Pascoli 5.<br>Lo studio ha domicilio anche a Sassari in Via Cavour 57.<br>Lo Studio legale dell\u2019Avv. Nicola Nieddu\u00a0svolge attivit\u00e0 di assistenza e consulenza legale stragiudiziale e giudiziale a favore di aziende e privati sia italiani che stranieri.<br>Questo studio ha collaborato con successo con Enti Pubblici e numerose Societ\u00e0 e pu\u00f2 garantire assistenza legale di qualit\u00e0 a prezzi accessibili a tutti.<\/p>\n","protected":false},"excerpt":{"rendered":"<p>Lo studio legale Nieddu ha sede ad Alghero (Sassari-Sardegna), in Via Pascoli 5.Lo studio ha domicilio anche a Sassari in Via Cavour 57.Lo Studio legale dell\u2019Avv. Nicola Nieddu\u00a0svolge attivit\u00e0 di assistenza e consulenza legale stragiudiziale e giudiziale a favore di aziende e privati sia italiani che stranieri.Questo studio ha collaborato con successo con Enti Pubblici [&hellip;]<\/p>\n","protected":false},"author":1,"featured_media":0,"parent":0,"menu_order":0,"comment_status":"closed","ping_status":"closed","template":"","meta":{"footnotes":""},"class_list":["post-1307","page","type-page","status-publish","hentry"],"yoast_head":"<!-- This site is optimized with the Yoast SEO plugin v27.5 - https:\/\/yoast.com\/product\/yoast-seo-wordpress\/ -->\n<title>Servizi Legali - Law Firm Sardinia<\/title>\n<meta name=\"robots\" content=\"index, follow, max-snippet:-1, max-image-preview:large, max-video-preview:-1\" \/>\n<link rel=\"canonical\" href=\"https:\/\/www.lawfirmsardinia.com\/it\/servizi-legali\/\" \/>\n<meta property=\"og:locale\" content=\"it_IT\" \/>\n<meta property=\"og:type\" content=\"article\" \/>\n<meta property=\"og:title\" content=\"Servizi Legali - Law Firm Sardinia\" \/>\n<meta property=\"og:description\" content=\"Lo studio legale Nieddu ha sede ad Alghero (Sassari-Sardegna), in Via Pascoli 5.Lo studio ha domicilio anche a Sassari in Via Cavour 57.Lo Studio legale dell\u2019Avv. Nicola Nieddu\u00a0svolge attivit\u00e0 di assistenza e consulenza legale stragiudiziale e giudiziale a favore di aziende e privati sia italiani che stranieri.Questo studio ha collaborato con successo con Enti Pubblici [&hellip;]\" \/>\n<meta property=\"og:url\" content=\"https:\/\/www.lawfirmsardinia.com\/it\/servizi-legali\/\" \/>\n<meta property=\"og:site_name\" content=\"Law Firm Sardinia\" \/>\n<meta property=\"article:modified_time\" content=\"2022-08-22T15:09:25+00:00\" \/>\n<meta name=\"twitter:card\" content=\"summary_large_image\" \/>\n<script type=\"application\/ld+json\" class=\"yoast-schema-graph\">{\"@context\":\"https:\\\/\\\/schema.org\",\"@graph\":[{\"@type\":\"WebPage\",\"@id\":\"https:\\\/\\\/www.lawfirmsardinia.com\\\/it\\\/servizi-legali\\\/\",\"url\":\"https:\\\/\\\/www.lawfirmsardinia.com\\\/it\\\/servizi-legali\\\/\",\"name\":\"Servizi Legali - Law Firm Sardinia\",\"isPartOf\":{\"@id\":\"https:\\\/\\\/www.lawfirmsardinia.com\\\/#website\"},\"datePublished\":\"2022-08-22T15:09:24+00:00\",\"dateModified\":\"2022-08-22T15:09:25+00:00\",\"breadcrumb\":{\"@id\":\"https:\\\/\\\/www.lawfirmsardinia.com\\\/it\\\/servizi-legali\\\/#breadcrumb\"},\"inLanguage\":\"it-IT\",\"potentialAction\":[{\"@type\":\"ReadAction\",\"target\":[\"https:\\\/\\\/www.lawfirmsardinia.com\\\/it\\\/servizi-legali\\\/\"]}]},{\"@type\":\"BreadcrumbList\",\"@id\":\"https:\\\/\\\/www.lawfirmsardinia.com\\\/it\\\/servizi-legali\\\/#breadcrumb\",\"itemListElement\":[{\"@type\":\"ListItem\",\"position\":1,\"name\":\"Home\",\"item\":\"https:\\\/\\\/www.lawfirmsardinia.com\\\/it\\\/home\\\/\"},{\"@type\":\"ListItem\",\"position\":2,\"name\":\"Servizi Legali\"}]},{\"@type\":\"WebSite\",\"@id\":\"https:\\\/\\\/www.lawfirmsardinia.com\\\/#website\",\"url\":\"https:\\\/\\\/www.lawfirmsardinia.com\\\/\",\"name\":\"Law Firm Sardinia\",\"description\":\"Civil and Penal Law | Real estate\",\"potentialAction\":[{\"@type\":\"SearchAction\",\"target\":{\"@type\":\"EntryPoint\",\"urlTemplate\":\"https:\\\/\\\/www.lawfirmsardinia.com\\\/?s={search_term_string}\"},\"query-input\":{\"@type\":\"PropertyValueSpecification\",\"valueRequired\":true,\"valueName\":\"search_term_string\"}}],\"inLanguage\":\"it-IT\"}]}<\/script>\n<!-- \/ Yoast SEO plugin. -->","yoast_head_json":{"title":"Servizi Legali - Law Firm Sardinia","robots":{"index":"index","follow":"follow","max-snippet":"max-snippet:-1","max-image-preview":"max-image-preview:large","max-video-preview":"max-video-preview:-1"},"canonical":"https:\/\/www.lawfirmsardinia.com\/it\/servizi-legali\/","og_locale":"it_IT","og_type":"article","og_title":"Servizi Legali - Law Firm Sardinia","og_description":"Lo studio legale Nieddu ha sede ad Alghero (Sassari-Sardegna), in Via Pascoli 5.Lo studio ha domicilio anche a Sassari in Via Cavour 57.Lo Studio legale dell\u2019Avv. Nicola Nieddu\u00a0svolge attivit\u00e0 di assistenza e consulenza legale stragiudiziale e giudiziale a favore di aziende e privati sia italiani che stranieri.Questo studio ha collaborato con successo con Enti Pubblici [&hellip;]","og_url":"https:\/\/www.lawfirmsardinia.com\/it\/servizi-legali\/","og_site_name":"Law Firm Sardinia","article_modified_time":"2022-08-22T15:09:25+00:00","twitter_card":"summary_large_image","schema":{"@context":"https:\/\/schema.org","@graph":[{"@type":"WebPage","@id":"https:\/\/www.lawfirmsardinia.com\/it\/servizi-legali\/","url":"https:\/\/www.lawfirmsardinia.com\/it\/servizi-legali\/","name":"Servizi Legali - Law Firm Sardinia","isPartOf":{"@id":"https:\/\/www.lawfirmsardinia.com\/#website"},"datePublished":"2022-08-22T15:09:24+00:00","dateModified":"2022-08-22T15:09:25+00:00","breadcrumb":{"@id":"https:\/\/www.lawfirmsardinia.com\/it\/servizi-legali\/#breadcrumb"},"inLanguage":"it-IT","potentialAction":[{"@type":"ReadAction","target":["https:\/\/www.lawfirmsardinia.com\/it\/servizi-legali\/"]}]},{"@type":"BreadcrumbList","@id":"https:\/\/www.lawfirmsardinia.com\/it\/servizi-legali\/#breadcrumb","itemListElement":[{"@type":"ListItem","position":1,"name":"Home","item":"https:\/\/www.lawfirmsardinia.com\/it\/home\/"},{"@type":"ListItem","position":2,"name":"Servizi Legali"}]},{"@type":"WebSite","@id":"https:\/\/www.lawfirmsardinia.com\/#website","url":"https:\/\/www.lawfirmsardinia.com\/","name":"Law Firm Sardinia","description":"Civil and Penal Law | Real estate","potentialAction":[{"@type":"SearchAction","target":{"@type":"EntryPoint","urlTemplate":"https:\/\/www.lawfirmsardinia.com\/?s={search_term_string}"},"query-input":{"@type":"PropertyValueSpecification","valueRequired":true,"valueName":"search_term_string"}}],"inLanguage":"it-IT"}]}},"_links":{"self":[{"href":"https:\/\/www.lawfirmsardinia.com\/it\/wp-json\/wp\/v2\/pages\/1307","targetHints":{"allow":["GET"]}}],"collection":[{"href":"https:\/\/www.lawfirmsardinia.com\/it\/wp-json\/wp\/v2\/pages"}],"about":[{"href":"https:\/\/www.lawfirmsardinia.com\/it\/wp-json\/wp\/v2\/types\/page"}],"author":[{"embeddable":true,"href":"https:\/\/www.lawfirmsardinia.com\/it\/wp-json\/wp\/v2\/users\/1"}],"replies":[{"embeddable":true,"href":"https:\/\/www.lawfirmsardinia.com\/it\/wp-json\/wp\/v2\/comments?post=1307"}],"version-history":[{"count":1,"href":"https:\/\/www.lawfirmsardinia.com\/it\/wp-json\/wp\/v2\/pages\/1307\/revisions"}],"predecessor-version":[{"id":1308,"href":"https:\/\/www.lawfirmsardinia.com\/it\/wp-json\/wp\/v2\/pages\/1307\/revisions\/1308"}],"wp:attachment":[{"href":"https:\/\/www.lawfirmsardinia.com\/it\/wp-json\/wp\/v2\/media?parent=1307"}],"curies":[{"name":"wp","href":"https:\/\/api.w.org\/{rel}","templated":true}]}}